{"id":15,"date":"2020-01-17T13:31:26","date_gmt":"2020-01-17T13:31:26","guid":{"rendered":"https:\/\/getanewsletter.com\/?page_id=15"},"modified":"2026-02-22T01:01:15","modified_gmt":"2026-02-22T01:01:15","slug":"blog","status":"publish","type":"page","link":"https:\/\/getanewsletter.com\/en\/blog\/","title":{"rendered":"Get a Newsletter marketing blog"},"content":{"rendered":"\n<p class=\"has-text-align-center\" style=\"font-size:24px\">Search or select a subject to see all articles<\/p>\n\n\n<form role=\"search\" method=\"get\" action=\"https:\/\/getanewsletter.com\/en\/\" class=\"wp-block-search__button-inside wp-block-search__icon-button gan-blog-search wp-block-search\"    ><label class=\"wp-block-search__label screen-reader-text\" for=\"wp-block-search__input-1\" >Search<\/label><div class=\"wp-block-search__inside-wrapper\" ><input class=\"wp-block-search__input\" id=\"wp-block-search__input-1\" placeholder=\"\" value=\"\" type=\"search\" name=\"s\" required \/><button aria-label=\"S\u00f6k\" class=\"wp-block-search__button has-icon wp-element-button\" type=\"submit\" ><svg class=\"search-icon\" viewBox=\"0 0 24 24\" width=\"24\" height=\"24\">\n\t\t\t\t\t<path d=\"M13 5c-3.3 0-6 2.7-6 6 0 1.4.5 2.7 1.3 3.7l-3.8 3.8 1.1 1.1 3.8-3.8c1 .8 2.3 1.3 3.7 1.3 3.3 0 6-2.7 6-6S16.3 5 13 5zm0 10.5c-2.5 0-4.5-2-4.5-4.5s2-4.5 4.5-4.5 4.5 2 4.5 4.5-2 4.5-4.5 4.5z\"><\/path>\n\t\t\t\t<\/svg><\/button><\/div><\/form>\n\n\n<div style=\"height:30px\" aria-hidden=\"true\" class=\"wp-block-spacer\"><\/div>\n\n\n\n<div class=\"wp-block-buttons gan-category-buttons is-layout-flex wp-block-buttons-is-layout-flex\">\n<div class=\"wp-block-button\"><a class=\"wp-block-button__link wp-element-button\" href=\"\/en\/blog\/category\/email-marketing\/\">Email marketing<\/a><\/div>\n\n\n\n<div class=\"wp-block-button\"><a class=\"wp-block-button__link wp-element-button\" href=\"\/en\/blog\/category\/newsletters\/\">Enail Newsletters<\/a><\/div>\n\n\n\n<div class=\"wp-block-button\"><a class=\"wp-block-button__link wp-element-button\" href=\"\/en\/blog\/category\/surveys\/\">Surveys<\/a><\/div>\n\n\n\n<div class=\"wp-block-button\"><a class=\"wp-block-button__link wp-element-button\" href=\"\/en\/blog\/category\/landing-pages\/\">Landing pages<\/a><\/div>\n\n\n\n<div class=\"wp-block-button\"><a class=\"wp-block-button__link wp-element-button\" href=\"\/en\/blog\/category\/seasonal\/\">Seasonal<\/a><\/div>\n\n\n\n<div class=\"wp-block-button\"><a class=\"wp-block-button__link wp-element-button\" href=\"\/en\/blog\/category\/get-a-newsletter-news\/\">Get a Newsletter<\/a><\/div>\n\n\n\n<div class=\"wp-block-button\"><a class=\"wp-block-button__link wp-element-button\" href=\"\/en\/blog\/category\/tips\/\">Tips<\/a><\/div>\n<\/div>\n\n\n\n<h2 style=\"display: flex; align-items: baseline; justify-content: space-between;\">Latest <a href=\"\/en\/blog\/all-posts\/\" style=\"font-size: 16px; margin-left: auto;\">See all posts \u2192<\/a><\/h2>\n\n\n<ul class=\"wp-block-latest-posts__list gan-latest-posts gan-latest-posts--big wp-block-latest-posts\"><li><div class=\"wp-block-latest-posts__featured-image aligncenter\"><img fetchpriority=\"high\" decoding=\"async\" width=\"1000\" height=\"500\" src=\"https:\/\/getanewsletter.com\/wp-content\/uploads\/2024\/07\/b2b-vs-b2c-marketing-strategies-examples-1000x500.png\" class=\"attachment-featured-blog size-featured-blog wp-post-image\" alt=\"B2B vs B2C marketing strategies and examples\" style=\"\" \/><\/div><a class=\"wp-block-latest-posts__post-title\" href=\"https:\/\/getanewsletter.com\/en\/blog\/b2b-vs-b2c-marketing-strategies\/\">B2B vs. B2C Marketing Principles: Key Differences That Shape Marketing Strategy<\/a><div class=\"wp-block-latest-posts__post-excerpt\">How do you shape your marketing strategies? Do you approach the process tactically, ensuring that each decision \u2014 big or small \u2014 positively affects your brand&#8217;s reputation and aligns with your target audience&#8217;s wants and needs? Or do you go with the flow, trying to ride the wave of whatever\u2026 <a class=\"wp-block-latest-posts__read-more\" href=\"https:\/\/getanewsletter.com\/en\/blog\/b2b-vs-b2c-marketing-strategies\/\" rel=\"noopener noreferrer\">Read more<span class=\"screen-reader-text\">: B2B vs. B2C Marketing Principles: Key Differences That Shape Marketing Strategy<\/span><\/a><\/div><\/li>\n<\/ul>\n\n\n<h2 style=\"display: flex; flex-wrap: wrap; align-items: baseline; justify-content: space-between;\">Email marketing <a href=\"\/en\/blog\/category\/email-marketing\/\" style=\"font-size: 16px; margin-left: auto;\">Se all email marketing articles \u2192<\/a><\/h2>\n\n\n<ul class=\"wp-block-latest-posts__list is-grid columns-2 gan-latest-posts wp-block-latest-posts\"><li><div class=\"wp-block-latest-posts__featured-image\"><img decoding=\"async\" width=\"1000\" height=\"500\" src=\"https:\/\/getanewsletter.com\/wp-content\/uploads\/2024\/03\/b2b-lead-generation-mistakes-1000x500.png\" class=\"attachment-featured-blog size-featured-blog wp-post-image\" alt=\"Common B2B Lead Generation mistakes and How to Fix Them\" style=\"\" \/><\/div><a class=\"wp-block-latest-posts__post-title\" href=\"https:\/\/getanewsletter.com\/en\/blog\/b2b-lead-generation-mistakes-to-avoid\/\">Most Common Mistakes in B2B Lead Generation and How to Fix Them<\/a><div class=\"wp-block-latest-posts__post-excerpt\">Finding high-quality leads in B2B is one of the most challenging tasks. This process can\u2026 <a class=\"wp-block-latest-posts__read-more\" href=\"https:\/\/getanewsletter.com\/en\/blog\/b2b-lead-generation-mistakes-to-avoid\/\" rel=\"noopener noreferrer\">Read more<span class=\"screen-reader-text\">: Most Common Mistakes in B2B Lead Generation and How to Fix Them<\/span><\/a><\/div><\/li>\n<li><div class=\"wp-block-latest-posts__featured-image\"><img decoding=\"async\" width=\"1000\" height=\"500\" src=\"https:\/\/getanewsletter.com\/wp-content\/uploads\/2020\/02\/email-newsletter-frequency-1000x500.jpg\" class=\"attachment-featured-blog size-featured-blog wp-post-image\" alt=\"Email newsletter frequency\" style=\"\" \/><\/div><a class=\"wp-block-latest-posts__post-title\" href=\"https:\/\/getanewsletter.com\/en\/blog\/email-newsletter-frequency\/\">Email Newsletter Frequency: What&#8217;s The Right Amount?<\/a><div class=\"wp-block-latest-posts__post-excerpt\">If you&#8217;ve dipped your toes into the world of email marketing, you know a newsletter\u2026 <a class=\"wp-block-latest-posts__read-more\" href=\"https:\/\/getanewsletter.com\/en\/blog\/email-newsletter-frequency\/\" rel=\"noopener noreferrer\">Read more<span class=\"screen-reader-text\">: Email Newsletter Frequency: What&#8217;s The Right Amount?<\/span><\/a><\/div><\/li>\n<\/ul>\n\n\n<h2 style=\"display: flex; flex-wrap: wrap; align-items: baseline; justify-content: space-between;\">Email newsletters <a href=\"\/en\/blog\/category\/newsletters\/\" style=\"font-size: 16px; margin-left: auto;\">See all newsletter articles \u2192<\/a><\/h2>\n\n\n<ul class=\"wp-block-latest-posts__list is-grid columns-2 gan-latest-posts wp-block-latest-posts\"><li><div class=\"wp-block-latest-posts__featured-image\"><img decoding=\"async\" width=\"1000\" height=\"500\" src=\"https:\/\/getanewsletter.com\/wp-content\/uploads\/2020\/02\/email-newsletter-frequency-1000x500.jpg\" class=\"attachment-featured-blog size-featured-blog wp-post-image\" alt=\"Email newsletter frequency\" style=\"\" \/><\/div><a class=\"wp-block-latest-posts__post-title\" href=\"https:\/\/getanewsletter.com\/en\/blog\/email-newsletter-frequency\/\">Email Newsletter Frequency: What&#8217;s The Right Amount?<\/a><\/li>\n<li><div class=\"wp-block-latest-posts__featured-image\"><img loading=\"lazy\" decoding=\"async\" width=\"1000\" height=\"500\" src=\"https:\/\/getanewsletter.com\/wp-content\/uploads\/2024\/02\/newsletter-introduction-examples-1000x500.jpg\" class=\"attachment-featured-blog size-featured-blog wp-post-image\" alt=\"Email newsletter introduction examples\" style=\"\" \/><\/div><a class=\"wp-block-latest-posts__post-title\" href=\"https:\/\/getanewsletter.com\/en\/blog\/newsletter-introduction-examples\/\">Newsletter Introduction Examples: How to Write Catchy Intros for Your Newsletters<\/a><\/li>\n<\/ul>\n\n\n<h2 style=\"display: flex; align-items: baseline; justify-content: space-between;\">Surveys <a href=\"\/en\/blog\/category\/surveys\/\" style=\"font-size: 16px; margin-left: auto;\">See all survey articles \u2192<\/a><\/h2>\n\n\n<ul class=\"wp-block-latest-posts__list is-grid columns-2 gan-latest-posts wp-block-latest-posts\"><li><div class=\"wp-block-latest-posts__featured-image\"><img loading=\"lazy\" decoding=\"async\" width=\"1000\" height=\"500\" src=\"https:\/\/getanewsletter.com\/wp-content\/uploads\/2023\/03\/hur-du-skriver-bra-enkatfragar-1000x500.jpg\" class=\"attachment-featured-blog size-featured-blog wp-post-image\" alt=\"Hur du skriver bra enk\u00e4tfr\u00e5gor\" style=\"\" \/><\/div><a class=\"wp-block-latest-posts__post-title\" href=\"https:\/\/getanewsletter.com\/en\/blog\/how-to-write-good-survey-questions\/\">How to write good survey questions<\/a><\/li>\n<li><div class=\"wp-block-latest-posts__featured-image\"><img loading=\"lazy\" decoding=\"async\" width=\"1000\" height=\"500\" src=\"https:\/\/getanewsletter.com\/wp-content\/uploads\/2023\/03\/hur-enkatundersokningar-hjalper-foretag-1000x500.jpg\" class=\"attachment-featured-blog size-featured-blog wp-post-image\" alt=\"Hur digitala enk\u00e4tunders\u00f6kningar hj\u00e4lper dig och dina kunder\" style=\"\" \/><\/div><a class=\"wp-block-latest-posts__post-title\" href=\"https:\/\/getanewsletter.com\/en\/blog\/benefits-of-using-online-surveys\/\">What are the benefits of using online surveys?<\/a><\/li>\n<\/ul>\n\n\n<h2 style=\"display: flex; align-items: baseline; justify-content: space-between;\">Landing pages <a href=\"\/en\/blog\/category\/landing-pages\/\" style=\"font-size: 16px; margin-left: auto;\">See all landing page articles \u2192<\/a><\/h2>\n\n\n<ul class=\"wp-block-latest-posts__list is-grid columns-2 gan-latest-posts wp-block-latest-posts\"><li><div class=\"wp-block-latest-posts__featured-image\"><img loading=\"lazy\" decoding=\"async\" width=\"1000\" height=\"500\" src=\"https:\/\/getanewsletter.com\/wp-content\/uploads\/2023\/03\/landningssidor-struktur-1000x500.jpg\" class=\"attachment-featured-blog size-featured-blog wp-post-image\" alt=\"Hur du bygger landningssidor med bra struktur\" style=\"\" \/><\/div><a class=\"wp-block-latest-posts__post-title\" href=\"https:\/\/getanewsletter.com\/en\/blog\/how-to-structure-a-landing-page\/\">How to structure a landing page<\/a><\/li>\n<li><div class=\"wp-block-latest-posts__featured-image\"><img loading=\"lazy\" decoding=\"async\" width=\"1000\" height=\"500\" src=\"https:\/\/getanewsletter.com\/wp-content\/uploads\/2023\/02\/fordelarna-med-landningssidor-1000x500.jpg\" class=\"attachment-featured-blog size-featured-blog wp-post-image\" alt=\"F\u00f6rdelarna med att anv\u00e4nda landningssidor\" style=\"\" \/><\/div><a class=\"wp-block-latest-posts__post-title\" href=\"https:\/\/getanewsletter.com\/en\/blog\/benefits-of-landing-pages\/\">What are the benefits of landing pages in digital marketing?<\/a><\/li>\n<\/ul>","protected":false},"excerpt":{"rendered":"<p>Search or select a subject to see all articles Latest See all posts \u2192 Email marketing Se all email marketing articles \u2192 Email newsletters See all newsletter articles \u2192 Surveys See all survey articles \u2192 Landing pages See all landing page articles \u2192<\/p>\n","protected":false},"author":2,"featured_media":0,"parent":0,"menu_order":0,"comment_status":"closed","ping_status":"closed","template":"","meta":{"_genesis_hide_title":false,"_genesis_hide_breadcrumbs":false,"_genesis_hide_singular_image":false,"_genesis_hide_footer_widgets":false,"_genesis_custom_body_class":"","_genesis_custom_post_class":"","_genesis_layout":"","footnotes":""},"class_list":{"0":"post-15","1":"page","2":"type-page","3":"status-publish","5":"entry"},"_links":{"self":[{"href":"https:\/\/getanewsletter.com\/en\/wp-json\/wp\/v2\/pages\/15","targetHints":{"allow":["GET"]}}],"collection":[{"href":"https:\/\/getanewsletter.com\/en\/wp-json\/wp\/v2\/pages"}],"about":[{"href":"https:\/\/getanewsletter.com\/en\/wp-json\/wp\/v2\/types\/page"}],"author":[{"embeddable":true,"href":"https:\/\/getanewsletter.com\/en\/wp-json\/wp\/v2\/users\/2"}],"replies":[{"embeddable":true,"href":"https:\/\/getanewsletter.com\/en\/wp-json\/wp\/v2\/comments?post=15"}],"version-history":[{"count":0,"href":"https:\/\/getanewsletter.com\/en\/wp-json\/wp\/v2\/pages\/15\/revisions"}],"wp:attachment":[{"href":"https:\/\/getanewsletter.com\/en\/wp-json\/wp\/v2\/media?parent=15"}],"curies":[{"name":"wp","href":"https:\/\/api.w.org\/{rel}","templated":true}]}}